{"id":67,"date":"2018-02-18T10:21:32","date_gmt":"2018-02-18T10:21:32","guid":{"rendered":"https:\/\/preview.eagle-themes.com\/zante\/?page_id=67"},"modified":"2024-07-25T19:57:03","modified_gmt":"2024-07-25T19:57:03","slug":"home-page-3","status":"publish","type":"page","link":"https:\/\/www.hospedajecaba.com\/web\/","title":{"rendered":"Inicio"},"content":{"rendered":"<section class=\"wpb-content-wrapper\"><p>[vc_row full_width=&#8221;stretch_row&#8221;][vc_column][rev_slider_vc alias=&#8221;rev-slider-3&#8243; el_class=&#8221;color-overlay-slider&#8221;][\/vc_column][\/vc_row][vc_row][vc_column offset=&#8221;vc_hidden-lg vc_hidden-md vc_hidden-sm vc_hidden-xs&#8221;]<div class=\"hbf-2 over-slider\">\n  <div class=\"inner\">\n    <!--START FORM-->\n    <form id=\"search-form\" class=\"search-form\" action=\"https:\/\/www.hospedajecaba.com\/web\/search\/\" method=\"get\" target=\"_self\">\n      <div class=\"row\">\n        <!-- Custom Parameters -->\n        \r\n        <!-- Check-In\/Out-->\n        <div class=\"col-md-4\">\n        <div class=\"eb-field-group\">\r\n   <label>Check In\/Out<\/label>\r\n   <input type=\"text\" class=\"eb-datepicker eb-field\" placeholder=\"Check In &nbsp;&nbsp;\u2192&nbsp;&nbsp; Check Out\" value=\"\" autocomplete=\"off\" readonly>\r\n   <input type=\"hidden\" class=\"eb_checkin\"  name=\"eb_checkin\">\r\n   <input type=\"hidden\" class=\"eb_checkout\"  name=\"eb_checkout\">\r\n<\/div>\r\n\r\n        <\/div>\n        <!-- Guests -->\n        <div class=\"col-md-4\">\n        <div class=\"eb-field-group\">\r\n  <label>Guests<\/label>\r\n  <div class=\"eb-guestspicker eb-field\">\r\n\r\n    <div class=\"guestspicker\">\r\n      Guests <span class=\"gueststotal\">1<\/span>\r\n    <\/div>\r\n\r\n    <div class=\"eb-guestspicker-content\">\r\n\r\n      \r\n        <div class=\"guests-buttons\">\r\n          <div class=\"description\">\r\n            <label>Guests<\/label>\r\n          <\/div>\r\n          <div class=\"guests-button\">\r\n            <div class=\"minus\"><\/div>\r\n            <input type=\"text\" id =\"eagle_booking_guests\" name=\"eb_guests\" class=\"booking-guests\" value=\"1\" data-min=\"1\" data-max=\"2\">\r\n            <div class=\"plus\"><\/div>\r\n          <\/div>\r\n        <\/div>\r\n\r\n      \r\n    <\/div>\r\n  <\/div>\r\n<\/div>\r\n        <\/div>\n        <!-- Buttom -->\n        <div class=\"col-md-4\">\n          <button id=\"eb_search_form\" class=\"button eb-btn\" type=\"submit\">\n            <span class=\"eb-btn-text\">Check Availability<\/span>\n          <\/button>\n        <\/div>\n      <\/div>\n    <\/form>\n  <\/div>\n<\/div>\n[\/vc_column][\/vc_row][vc_row full_width=&#8221;stretch_row&#8221; css=&#8221;.vc_custom_1532251525354{border-bottom-width: 1px !important;padding-top: 100px !important;padding-bottom: 100px !important;border-bottom-color: #f2f2f2 !important;border-bottom-style: solid !important;}&#8221;][vc_column width=&#8221;1\/4&#8243;][vc_raw_html]JTNDaWZyYW1lJTIwc3JjJTNEJTIyaHR0cHMlM0ElMkYlMkZwZW5zaW9uLmhvc3BlZGFqZWNhYmEuY29tJTJGZGF0aSUyRm1kbF9kaXNwb25pYmlsaWRhZC5waHAlM0ZmcmFtZWQlM0QxJTIyJTIwJTBBc3R5bGUlM0QlMjJ3aWR0aCUzQSUyMDMwMHB4JTNCJTIwaGVpZ2h0JTNBJTIwNDAwcHglM0IlMjIlMjBmcmFtZWJvcmRlciUzRCUyMjElMjIlM0UlMEElM0MlMkZpZnJhbWUlM0UlMEE=[\/vc_raw_html][\/vc_column][vc_column width=&#8221;1\/2&#8243;]\r\n        <div class=\"image-3d-effect\">\r\n          <div class=\"side left\"><\/div>\r\n          <div class=\"side right\"><\/div>\r\n          <div class=\"images\">\r\n                        <div class=\"front-image\" style=\"background-image: url(https:\/\/www.hospedajecaba.com\/web\/wp-content\/uploads\/2020\/11\/IMG_3808-scaled.jpg)\"><\/div>\r\n                                    <div class=\"back-image\" style=\"background-image: url(https:\/\/www.hospedajecaba.com\/web\/wp-content\/uploads\/2020\/02\/33173317-scaled.jpg)\"><\/div>\r\n                      <\/div>\r\n        <\/div>\r\n\r\n\r\n\r\n        [\/vc_column][vc_column width=&#8221;1\/4&#8243;]\t\t\t<div\r\n\t\t\t\tclass=\"main_title  text-center  \">\r\n\t\t\t\t<h2 class=\"title\">Horario<\/h2>\r\n\t\t\t\t\t\t\t<\/div>\r\n\t\t[vc_zigzag][vc_column_text]<\/p>\n<p style=\"text-align: center;\">Lunes a Jueves:\u00a0 07:00 a 16:30<\/p>\n<p style=\"text-align: center;\">\u00a0 \u00a0 \u00a0 \u00a0 \u00a0 \u00a0 \u00a0 \u00a0 \u00a0 \u00a0 \u00a0 \u00a0 \u00a0 \u00a0 \u00a0 18:30 a 20:30<\/p>\n<p style=\"text-align: center;\">\u00a0 \u00a0 \u00a0 \u00a0 \u00a0 \u00a0 \u00a0Viernes:\u00a0 07:00 a 16:30<\/p>\n<p style=\"text-align: center;\">\u00a0 \u00a0 \u00a0 \u00a0 \u00a0 \u00a0 \u00a0 \u00a0 \u00a0 \u00a0 \u00a0 \u00a0 \u00a0 \u00a0 \u00a0 18:30 a 00:00<\/p>\n<p style=\"text-align: center;\">\u00a0 \u00a0 \u00a0 \u00a0 \u00a0 Domingo:\u00a0 09:00 a 16:30<\/p>\n<p style=\"text-align: center;\">SABADO CERRADO<\/p>\n<p>[\/vc_column_text][\/vc_column][\/vc_row][vc_row full_width=&#8221;stretch_row&#8221; css=&#8221;.vc_custom_1532251525354{border-bottom-width: 1px !important;padding-top: 100px !important;padding-bottom: 100px !important;border-bottom-color: #f2f2f2 !important;border-bottom-style: solid !important;}&#8221;][vc_column width=&#8221;1\/2&#8243;]\t\t\t<div\r\n\t\t\t\tclass=\"main_title  text-center  \">\r\n\t\t\t\t<h2 class=\"title\">HOSPEDAJE CABA DESDE 1989<\/h2>\r\n\t\t\t\t\t\t\t\t\t<p class=\"main_description\">Desde 2005 en Vilasantar<\/p>\r\n\t\t\t\t\t\t\t<\/div>\r\n\t\t[vc_column_text]Bienvenidos al Restaurante Hospedaje Caba, una experiencia culinaria y de hospedaje \u00fanica en su clase. Desde 1989, nuestra familia se ha dedicado a la hosteler\u00eda y desde el 2005 ha estado sirviendo deliciosas carnes a la parrilla en un ambiente acogedor y familiar en Vilasantar. Pero no se trata solo de una buena comida, en nuestro restaurante tambi\u00e9n ofrecemos habitaciones c\u00f3modas y acogedoras para aquellos que quieren prolongar su estancia y disfrutar de todo lo que nuestro entorno rural tiene para ofrecer. Nos enorgullece ofrecer una variedad de carne y acompa\u00f1amientos preparados con t\u00e9cnicas tradicionales y con los ingredientes m\u00e1s frescos y de la mejor calidad. \u00a1Ven a conocernos y d\u00e9janos deleitarte con nuestro sabor \u00fanico y la calidez de nuestra hospitalidad familiar![\/vc_column_text][\/vc_column][vc_column width=&#8221;1\/2&#8243;]\r\n        <div class=\"image-3d-effect\">\r\n          <div class=\"side left\"><\/div>\r\n          <div class=\"side right\"><\/div>\r\n          <div class=\"images\">\r\n                        <div class=\"front-image\" style=\"background-image: url(https:\/\/www.hospedajecaba.com\/web\/wp-content\/uploads\/2020\/02\/21842184-scaled-e1606569860747.jpg)\"><\/div>\r\n                                    <div class=\"back-image\" style=\"background-image: url(https:\/\/www.hospedajecaba.com\/web\/wp-content\/uploads\/2020\/02\/33263326-scaled-e1606570034577.jpg)\"><\/div>\r\n                      <\/div>\r\n        <\/div>\r\n\r\n\r\n\r\n        [\/vc_column][\/vc_row][vc_row full_width=&#8221;stretch_row&#8221; css=&#8221;.vc_custom_1531729428072{padding-top: 100px !important;padding-bottom: 70px !important;}&#8221;][vc_column]\t\t\t<div\r\n\t\t\t\tclass=\"main_title  text-left  \">\r\n\t\t\t\t<h2 class=\"title\">NUESTRAS HABITACIONES<\/h2>\r\n\t\t\t\t\t\t\t<\/div>\r\n\t\t\r\n    \r\n        <div class=\"eb-rooms-list\">\r\n\r\n      \r\n<div id=\"eb-archive-room-935\" class=\"room-list-item room-list-item-archive sidebar-none\">\r\n\r\n    <div class=\"eb-room-thumbnail\">\r\n                <figure class=\"gradient-overlay overlay-opacity-02 slide-right-hover\">\r\n            <a href=\"https:\/\/www.hospedajecaba.com\/web\/habitaci\u00f3n\/habitacion-doble\/\">\r\n            <img decoding=\"async\" alt=\"Habitaci\u00f3n Doble\" src=\"https:\/\/www.hospedajecaba.com\/web\/wp-content\/uploads\/2020\/02\/33263326-720x470.jpg\">\r\n            <\/a>\r\n        <\/figure>\r\n            <\/div>\r\n\r\n    <div class=\"room-details\">\r\n        <h3 class=\"title\">\r\n            <a href=\"https:\/\/www.hospedajecaba.com\/web\/habitaci\u00f3n\/habitacion-doble\/\">Habitaci\u00f3n Doble<\/a>\r\n        <\/h3>\r\n        <p style=\"margin-top: 20px;\">Habitaci\u00f3n de dos camas con ba\u00f1o propio y televisi\u00f3n.<\/p>\r\n\r\n        \r\n<div class=\"room-services\">\r\n    <div class=\"dragscroll\">\r\n\r\n        <div class=\"room-service-item\" data-toggle=\"popover\" data-placement=\"top\" data-trigger=\"hover\" data-content=\"Wi-Fi Incluida\" data-original-title=\"Wi-Fi\">\r\n                            <i class=\"fa fa-wifi\"><\/i>\r\n                    <\/div>\r\n\r\n            <div class=\"room-service-item\" data-toggle=\"popover\" data-placement=\"top\" data-trigger=\"hover\" data-content=\"TV incluida\" data-original-title=\"TV\">\r\n                            <i class=\"fas fa-tv\"><\/i>\r\n                    <\/div>\r\n\r\n            <div class=\"room-service-item\" data-toggle=\"popover\" data-placement=\"top\" data-trigger=\"hover\" data-content=\"Ba\u00f1o Propio\" data-original-title=\"Ba\u00f1o Propio\">\r\n                            <i class=\"fas fa-shower\"><\/i>\r\n                    <\/div>\r\n\r\n            <div class=\"room-service-item\" data-toggle=\"popover\" data-placement=\"top\" data-trigger=\"hover\" data-content=\"Calefacci\u00f3n\" data-original-title=\"Calefacci\u00f3n\">\r\n                            <i class=\"fab fa-cloudscale\"><\/i>\r\n                    <\/div>\r\n\r\n    \r\n    <\/div>\r\n<\/div>\r\n\r\n\r\n    <\/div>\r\n\r\n    <div style=\"padding: 62px 30px; text-align: center\">\r\n        <div class=\"room-price\"><span class=\"normal-price\"><strong><span class=\"price-amount\">45,00<\/span><span class=\"price-currency\">\u20ac<\/span><\/strong><\/span><span class=\"per-night-text\"> per night<\/span><\/div>        <a href=\"https:\/\/www.hospedajecaba.com\/web\/habitaci\u00f3n\/habitacion-doble\/\" class=\"btn eb-btn\">More Details <i class=\"fa fa fa-chevron-right\"><\/i><\/a>\r\n    <\/div>\r\n\r\n<\/div>\r\n<div id=\"eb-archive-room-1044\" class=\"room-list-item room-list-item-archive sidebar-none\">\r\n\r\n    <div class=\"eb-room-thumbnail\">\r\n                <figure class=\"gradient-overlay overlay-opacity-02 slide-right-hover\">\r\n            <a href=\"https:\/\/www.hospedajecaba.com\/web\/habitaci\u00f3n\/habitacion-matrimonio\/\">\r\n            <img decoding=\"async\" alt=\"Habitaci\u00f3n Matrimonio\" src=\"https:\/\/www.hospedajecaba.com\/web\/wp-content\/uploads\/2020\/02\/33303330-720x470.jpg\">\r\n            <\/a>\r\n        <\/figure>\r\n            <\/div>\r\n\r\n    <div class=\"room-details\">\r\n        <h3 class=\"title\">\r\n            <a href=\"https:\/\/www.hospedajecaba.com\/web\/habitaci\u00f3n\/habitacion-matrimonio\/\">Habitaci\u00f3n Matrimonio<\/a>\r\n        <\/h3>\r\n        <p style=\"margin-top: 20px;\">Habitaci\u00f3n con cama de matrimonio, ba\u00f1o propio y televisi\u00f3n.<\/p>\r\n\r\n        \r\n<div class=\"room-services\">\r\n    <div class=\"dragscroll\">\r\n\r\n        <div class=\"room-service-item\" data-toggle=\"popover\" data-placement=\"top\" data-trigger=\"hover\" data-content=\"TV incluida\" data-original-title=\"TV\">\r\n                            <i class=\"fas fa-tv\"><\/i>\r\n                    <\/div>\r\n\r\n            <div class=\"room-service-item\" data-toggle=\"popover\" data-placement=\"top\" data-trigger=\"hover\" data-content=\"Wi-Fi Incluida\" data-original-title=\"Wi-Fi\">\r\n                            <i class=\"fa fa-wifi\"><\/i>\r\n                    <\/div>\r\n\r\n            <div class=\"room-service-item\" data-toggle=\"popover\" data-placement=\"top\" data-trigger=\"hover\" data-content=\"Ba\u00f1o Propio\" data-original-title=\"Ba\u00f1o Propio\">\r\n                            <i class=\"fas fa-shower\"><\/i>\r\n                    <\/div>\r\n\r\n            <div class=\"room-service-item\" data-toggle=\"popover\" data-placement=\"top\" data-trigger=\"hover\" data-content=\"Calefacci\u00f3n\" data-original-title=\"Calefacci\u00f3n\">\r\n                            <i class=\"fab fa-cloudscale\"><\/i>\r\n                    <\/div>\r\n\r\n    \r\n    <\/div>\r\n<\/div>\r\n\r\n\r\n    <\/div>\r\n\r\n    <div style=\"padding: 62px 30px; text-align: center\">\r\n        <div class=\"room-price\"><span class=\"normal-price\"><strong><span class=\"price-amount\">45,00<\/span><span class=\"price-currency\">\u20ac<\/span><\/strong><\/span><span class=\"per-night-text\"> per night<\/span><\/div>        <a href=\"https:\/\/www.hospedajecaba.com\/web\/habitaci\u00f3n\/habitacion-matrimonio\/\" class=\"btn eb-btn\">More Details <i class=\"fa fa fa-chevron-right\"><\/i><\/a>\r\n    <\/div>\r\n\r\n<\/div>\r\n      <\/div>\r\n\r\n    [\/vc_column][\/vc_row][vc_row css=&#8221;.vc_custom_1532817816113{padding-top: 100px !important;padding-bottom: 70px !important;}&#8221;][vc_column]\t\t\t<div\r\n\t\t\t\tclass=\"main_title  text-left  \">\r\n\t\t\t\t<h2 class=\"title\">GALERIA<\/h2>\r\n\t\t\t\t\t\t\t\t\t<p class=\"main_description\">Galer\u00eda de Hospedaje Caba<\/p>\r\n\t\t\t\t\t\t\t<\/div>\r\n\t\t        \r\n            <div class=\"row\">\r\n\t            <div class=\"grid gallery_items image-gallery\">\r\n\t                                      <!-- GALLERY ITEM -->\r\n                      <div class=\"col-lg-4 col-sm-6 g_item island\">\r\n                        <div class=\"gallery-item\">\r\n                          <figure class=\"gradient-overlay-hover icon-zoom-hover zoom-image-hover\">\r\n                            <a href=\"https:\/\/www.hospedajecaba.com\/web\/wp-content\/uploads\/2020\/02\/IMG_0220.jpg\">\r\n                              <img decoding=\"async\" src=\"https:\/\/www.hospedajecaba.com\/web\/wp-content\/uploads\/2020\/02\/IMG_0220.jpg\" class=\"img-responsive\" alt=\"Comedor\">\r\n                            <\/a>\r\n                          <\/figure>\r\n                                                    <div class=\"details\">\r\n                              <h5>Comedor<\/h5>\r\n                          <\/div>\r\n                                                <\/div>\r\n                      <\/div>\r\n\r\n\t                                      <!-- GALLERY ITEM -->\r\n                      <div class=\"col-lg-4 col-sm-6 g_item swimming-pool\">\r\n                        <div class=\"gallery-item\">\r\n                          <figure class=\"gradient-overlay-hover icon-zoom-hover zoom-image-hover\">\r\n                            <a href=\"https:\/\/www.hospedajecaba.com\/web\/wp-content\/uploads\/2020\/02\/21842184-scaled-e1606569860747.jpg\">\r\n                              <img decoding=\"async\" src=\"https:\/\/www.hospedajecaba.com\/web\/wp-content\/uploads\/2020\/02\/21842184-scaled-e1606569860747.jpg\" class=\"img-responsive\" alt=\"Comedor 2\">\r\n                            <\/a>\r\n                          <\/figure>\r\n                                                    <div class=\"details\">\r\n                              <h5>Comedor 2<\/h5>\r\n                          <\/div>\r\n                                                <\/div>\r\n                      <\/div>\r\n\r\n\t                                      <!-- GALLERY ITEM -->\r\n                      <div class=\"col-lg-4 col-sm-6 g_item \">\r\n                        <div class=\"gallery-item\">\r\n                          <figure class=\"gradient-overlay-hover icon-zoom-hover zoom-image-hover\">\r\n                            <a href=\"https:\/\/www.hospedajecaba.com\/web\/wp-content\/uploads\/2020\/02\/33303330-scaled.jpg\">\r\n                              <img decoding=\"async\" src=\"https:\/\/www.hospedajecaba.com\/web\/wp-content\/uploads\/2020\/02\/33303330-scaled.jpg\" class=\"img-responsive\" alt=\"Habitaci\u00f3n Matrimonio\">\r\n                            <\/a>\r\n                          <\/figure>\r\n                                                    <div class=\"details\">\r\n                              <h5>Habitaci\u00f3n Matrimonio<\/h5>\r\n                          <\/div>\r\n                                                <\/div>\r\n                      <\/div>\r\n\r\n\t                                      <!-- GALLERY ITEM -->\r\n                      <div class=\"col-lg-4 col-sm-6 g_item swimming-pool\">\r\n                        <div class=\"gallery-item\">\r\n                          <figure class=\"gradient-overlay-hover icon-zoom-hover zoom-image-hover\">\r\n                            <a href=\"https:\/\/www.hospedajecaba.com\/web\/wp-content\/uploads\/2020\/02\/33263326-scaled-e1606570034577.jpg\">\r\n                              <img decoding=\"async\" src=\"https:\/\/www.hospedajecaba.com\/web\/wp-content\/uploads\/2020\/02\/33263326-scaled-e1606570034577.jpg\" class=\"img-responsive\" alt=\"Habitaci\u00f3n Doble\">\r\n                            <\/a>\r\n                          <\/figure>\r\n                                                    <div class=\"details\">\r\n                              <h5>Habitaci\u00f3n Doble<\/h5>\r\n                          <\/div>\r\n                                                <\/div>\r\n                      <\/div>\r\n\r\n\t                                      <!-- GALLERY ITEM -->\r\n                      <div class=\"col-lg-4 col-sm-6 g_item island\">\r\n                        <div class=\"gallery-item\">\r\n                          <figure class=\"gradient-overlay-hover icon-zoom-hover zoom-image-hover\">\r\n                            <a href=\"https:\/\/www.hospedajecaba.com\/web\/wp-content\/uploads\/2020\/02\/33173317-scaled.jpg\">\r\n                              <img decoding=\"async\" src=\"https:\/\/www.hospedajecaba.com\/web\/wp-content\/uploads\/2020\/02\/33173317-scaled.jpg\" class=\"img-responsive\" alt=\"Comedor 3\">\r\n                            <\/a>\r\n                          <\/figure>\r\n                                                    <div class=\"details\">\r\n                              <h5>Comedor 3<\/h5>\r\n                          <\/div>\r\n                                                <\/div>\r\n                      <\/div>\r\n\r\n\t                                      <!-- GALLERY ITEM -->\r\n                      <div class=\"col-lg-4 col-sm-6 g_item spa swimming-pool\">\r\n                        <div class=\"gallery-item\">\r\n                          <figure class=\"gradient-overlay-hover icon-zoom-hover zoom-image-hover\">\r\n                            <a href=\"https:\/\/www.hospedajecaba.com\/web\/wp-content\/uploads\/2020\/11\/IMG_3808-scaled.jpg\">\r\n                              <img decoding=\"async\" src=\"https:\/\/www.hospedajecaba.com\/web\/wp-content\/uploads\/2020\/11\/IMG_3808-scaled.jpg\" class=\"img-responsive\" alt=\"Fachada\">\r\n                            <\/a>\r\n                          <\/figure>\r\n                                                    <div class=\"details\">\r\n                              <h5>Fachada<\/h5>\r\n                          <\/div>\r\n                                                <\/div>\r\n                      <\/div>\r\n\r\n\t                \t                \t            <\/div>\r\n            <\/div>\r\n\r\n        [\/vc_column][\/vc_row][vc_row full_width=&#8221;stretch_row&#8221; css=&#8221;.vc_custom_1531852054584{border-top-width: 1px !important;border-bottom-width: 1px !important;padding-top: 100px !important;padding-bottom: 70px !important;background-color: #f1f0ed !important;border-top-color: #ebeae9 !important;border-top-style: solid !important;border-bottom-color: #ebeae9 !important;border-bottom-style: solid !important;}&#8221;][vc_column]\t\t\t<div\r\n\t\t\t\tclass=\"main_title  text-left  \">\r\n\t\t\t\t<h2 class=\"title\">\u00daLTIMAS NOTICIAS Y EVENTOS<\/h2>\r\n\t\t\t\t\t\t\t\t\t<p class=\"main_description\">Comprueba las novedades<\/p>\r\n\t\t\t\t\t\t\t<\/div>\r\n\t\t\r\n        <div class=\"row\">\r\n\r\n          <!-- FIRST ITEM -->\r\n        <div class=\"col-md-6 first-news\">\r\n                    \r\n        <\/div>\r\n\r\n        <!-- SECOND ITEM -->\r\n        <div class=\"col-md-3 second-news\">\r\n                             <\/div>\r\n        <!-- THIRD ITEM -->\r\n        <div class=\"col-md-3 third-news\">\r\n\r\n                     \r\n        <\/div>\r\n        <\/div>\r\n\r\n        [\/vc_column][\/vc_row]<\/p>\n<\/section>","protected":false},"excerpt":{"rendered":"<p>[vc_row full_width=&#8221;stretch_row&#8221;][vc_column][rev_slider_vc alias=&#8221;rev-slider-3&#8243; el_class=&#8221;color-overlay-slider&#8221;][\/vc_column][\/vc_row][vc_row][vc_column offset=&#8221;vc_hidden-lg vc_hidden-md vc_hidden-sm vc_hidden-xs&#8221;][\/vc_column][\/vc_row][vc_row full_width=&#8221;stretch_row&#8221; css=&#8221;.vc_custom_1532251525354{border-bottom-width: 1px !important;padding-top: 100px !important;padding-bottom: 100px !important;border-bottom-color: #f2f2f2 !important;border-bottom-style: solid !important;}&#8221;][vc_column width=&#8221;1\/4&#8243;][vc_raw_html]JTNDaWZyYW1lJTIwc3JjJTNEJTIyaHR0cHMlM0ElMkYlMkZwZW5zaW9uLmhvc3BlZGFqZWNhYmEuY29tJTJGZGF0aSUyRm1kbF9kaXNwb25pYmlsaWRhZC5waHAlM0ZmcmFtZWQlM0QxJTIyJTIwJTBBc3R5bGUlM0QlMjJ3aWR0aCUzQSUyMDMwMHB4JTNCJTIwaGVpZ2h0JTNBJTIwNDAwcHglM0IlMjIlMjBmcmFtZWJvcmRlciUzRCUyMjElMjIlM0UlMEElM0MlMkZpZnJhbWUlM0UlMEE=[\/vc_raw_html][\/vc_column][vc_column width=&#8221;1\/2&#8243;][\/vc_column][vc_column width=&#8221;1\/4&#8243;][vc_zigzag][vc_column_text] Lunes a Jueves:\u00a0 07:00 a 16:30 \u00a0 \u00a0 \u00a0 \u00a0 \u00a0 \u00a0 \u00a0 \u00a0 \u00a0 \u00a0 \u00a0 \u00a0 \u00a0 \u00a0 \u00a0 18:30 a 20:30 \u00a0 \u00a0 \u00a0 \u00a0 \u00a0 \u00a0 \u00a0Viernes:\u00a0 07:00 [&hellip;]<\/p>\n","protected":false},"author":1,"featured_media":0,"parent":0,"menu_order":0,"comment_status":"closed","ping_status":"closed","template":"","meta":{"footnotes":""},"class_list":["post-67","page","type-page","status-publish","hentry"],"_links":{"self":[{"href":"https:\/\/www.hospedajecaba.com\/web\/wp-json\/wp\/v2\/pages\/67","targetHints":{"allow":["GET"]}}],"collection":[{"href":"https:\/\/www.hospedajecaba.com\/web\/wp-json\/wp\/v2\/pages"}],"about":[{"href":"https:\/\/www.hospedajecaba.com\/web\/wp-json\/wp\/v2\/types\/page"}],"author":[{"embeddable":true,"href":"https:\/\/www.hospedajecaba.com\/web\/wp-json\/wp\/v2\/users\/1"}],"replies":[{"embeddable":true,"href":"https:\/\/www.hospedajecaba.com\/web\/wp-json\/wp\/v2\/comments?post=67"}],"version-history":[{"count":33,"href":"https:\/\/www.hospedajecaba.com\/web\/wp-json\/wp\/v2\/pages\/67\/revisions"}],"predecessor-version":[{"id":2273,"href":"https:\/\/www.hospedajecaba.com\/web\/wp-json\/wp\/v2\/pages\/67\/revisions\/2273"}],"wp:attachment":[{"href":"https:\/\/www.hospedajecaba.com\/web\/wp-json\/wp\/v2\/media?parent=67"}],"curies":[{"name":"wp","href":"https:\/\/api.w.org\/{rel}","templated":true}]}}